{"id":115,"date":"2013-02-02T11:49:08","date_gmt":"2013-02-02T11:49:08","guid":{"rendered":"https:\/\/rapidbronz.com\/?page_id=115"},"modified":"2013-02-02T11:49:08","modified_gmt":"2013-02-02T11:49:08","slug":"funkcija","status":"publish","type":"page","link":"https:\/\/rapidbronz.com\/sr\/program-suncanja-rapid-bronz\/funkcija\/","title":{"rendered":"FUNKCIJA"},"content":{"rendered":"<p style=\"text-align: center;\"><span><img loading=\"lazy\" class=\" size-full wp-image-109\" src=\"https:\/\/rapidbronz.com\/wp-content\/uploads\/2013\/02\/images_LA-FUNZIONE.png\" width=\"429\" height=\"369\" alt=\"LA-FUNZIONE\" srcset=\"https:\/\/rapidbronz.com\/wp-content\/uploads\/2013\/02\/images_LA-FUNZIONE.png 429w, https:\/\/rapidbronz.com\/wp-content\/uploads\/2013\/02\/images_LA-FUNZIONE-300x258.png 300w\" sizes=\"(max-width: 429px) 100vw, 429px\" \/><\/span><\/p>\n<p><span style=\"line-height: 1.3em;\">Kroz na\u0161u atmosferu do zemlje dolaze UVA i UVB zraci. UVA zraci prodiru duboko u epiderm, poga\u0111aju \u0107elije i uzrokuju ubrzano starenje ko\u017ee. UVB zraci ne prodiru tako duboko u ko\u017eu, stimuli\u0161u prirodnu proizvodnju melanina i pove\u0107avaju prirodnu za\u0161titu ko\u017ee. Taj proces traje otprilike sedam dana. Za to vreme ko\u017ea je pod uticajem UVA i UVB zraka, \u0161to dovodi do crvenila, alergija i sun\u010danih eritema.<\/span><\/p>\n<p>Kori\u0161\u0107enjem RAPID BRONZ pre direktnog izlaganja suncu, pru\u017eamo potporu prirodnoj za\u0161titi ko\u017ee. Na taj na\u010din, proces melanogeneze je ve\u0107 pokrenut i ko\u017ea je prirodno za\u0161ti\u0107ena ve\u0107 od prvih izlaganja.<\/p>\n","protected":false},"excerpt":{"rendered":"<p>Kroz na\u0161u atmosferu do zemlje dolaze UVA i UVB zraci. UVA zraci prodiru duboko u epiderm, poga\u0111aju \u0107elije i uzrokuju ubrzano starenje ko\u017ee. UVB zraci ne<span class=\"excerpt-hellip\"> [\u2026]<\/span><\/p>\n","protected":false},"author":2,"featured_media":0,"parent":43,"menu_order":13,"comment_status":"closed","ping_status":"closed","template":"","meta":[],"_links":{"self":[{"href":"https:\/\/rapidbronz.com\/sr\/wp-json\/wp\/v2\/pages\/115\/"}],"collection":[{"href":"https:\/\/rapidbronz.com\/sr\/wp-json\/wp\/v2\/pages\/"}],"about":[{"href":"https:\/\/rapidbronz.com\/sr\/wp-json\/wp\/v2\/types\/page\/"}],"author":[{"embeddable":true,"href":"https:\/\/rapidbronz.com\/sr\/wp-json\/wp\/v2\/users\/2\/"}],"replies":[{"embeddable":true,"href":"https:\/\/rapidbronz.com\/sr\/wp-json\/wp\/v2\/comments\/?post=115"}],"version-history":[{"count":0,"href":"https:\/\/rapidbronz.com\/sr\/wp-json\/wp\/v2\/pages\/115\/revisions\/"}],"up":[{"embeddable":true,"href":"https:\/\/rapidbronz.com\/sr\/wp-json\/wp\/v2\/pages\/43\/"}],"wp:attachment":[{"href":"https:\/\/rapidbronz.com\/sr\/wp-json\/wp\/v2\/media\/?parent=115"}],"curies":[{"name":"wp","href":"https:\/\/api.w.org\/{rel}","templated":true}]}}