{"id":129,"date":"2013-02-02T11:49:08","date_gmt":"2013-02-02T11:49:08","guid":{"rendered":"https:\/\/rapidbronz.com\/?page_id=129"},"modified":"2013-02-02T11:49:08","modified_gmt":"2013-02-02T11:49:08","slug":"prednosti","status":"publish","type":"page","link":"https:\/\/rapidbronz.com\/sr\/program-suncanja-rapid-bronz\/prednosti\/","title":{"rendered":"PREDNOSTI"},"content":{"rendered":"<p style=\"text-align: center;\"><span><img loading=\"lazy\" class=\" size-full wp-image-128\" src=\"https:\/\/rapidbronz.com\/wp-content\/uploads\/2013\/02\/images_I-VANTAGGI_YU.gif\" width=\"550\" height=\"200\" alt=\"I-VANTAGGI YU\" \/><\/span><\/p>\n<p>Rapid Bronz priprema ko\u017eu za direktno izlaganje sun\u010devim zracima i omogu\u0107ava kori\u0161\u0107enje krema s ni\u017eim za\u0161titnim faktorima. Sun\u010danje je na taj na\u010din sigurnije po zdravlje, pove\u0107ava se biolo\u0161ka raspolo\u017eivost melanina u ko\u017ei \u0161to podsti\u010de prirodni proces pigmentacije.Na taj na\u010din se spre\u010davaju eventualna crvenila i sun\u010dane iritacije. Posledica toga je br\u017ea, intenzivnija i ravnomernija preplanulost.<\/p>\n","protected":false},"excerpt":{"rendered":"<p>Rapid Bronz priprema ko\u017eu za direktno izlaganje sun\u010devim zracima i omogu\u0107ava kori\u0161\u0107enje krema s ni\u017eim za\u0161titnim faktorima. Sun\u010danje je na taj na\u010din sigurnije po zdravlje, pove\u0107ava<span class=\"excerpt-hellip\"> [\u2026]<\/span><\/p>\n","protected":false},"author":2,"featured_media":0,"parent":43,"menu_order":11,"comment_status":"closed","ping_status":"closed","template":"","meta":[],"_links":{"self":[{"href":"https:\/\/rapidbronz.com\/sr\/wp-json\/wp\/v2\/pages\/129\/"}],"collection":[{"href":"https:\/\/rapidbronz.com\/sr\/wp-json\/wp\/v2\/pages\/"}],"about":[{"href":"https:\/\/rapidbronz.com\/sr\/wp-json\/wp\/v2\/types\/page\/"}],"author":[{"embeddable":true,"href":"https:\/\/rapidbronz.com\/sr\/wp-json\/wp\/v2\/users\/2\/"}],"replies":[{"embeddable":true,"href":"https:\/\/rapidbronz.com\/sr\/wp-json\/wp\/v2\/comments\/?post=129"}],"version-history":[{"count":0,"href":"https:\/\/rapidbronz.com\/sr\/wp-json\/wp\/v2\/pages\/129\/revisions\/"}],"up":[{"embeddable":true,"href":"https:\/\/rapidbronz.com\/sr\/wp-json\/wp\/v2\/pages\/43\/"}],"wp:attachment":[{"href":"https:\/\/rapidbronz.com\/sr\/wp-json\/wp\/v2\/media\/?parent=129"}],"curies":[{"name":"wp","href":"https:\/\/api.w.org\/{rel}","templated":true}]}}