{"id":140,"date":"2013-02-02T11:49:08","date_gmt":"2013-02-02T11:49:08","guid":{"rendered":"https:\/\/rapidbronz.com\/?page_id=140"},"modified":"2013-02-02T11:49:08","modified_gmt":"2013-02-02T11:49:08","slug":"upotreba","status":"publish","type":"page","link":"https:\/\/rapidbronz.com\/sr\/program-suncanja-rapid-bronz\/upotreba\/","title":{"rendered":"UPOTREBA"},"content":{"rendered":"<p style=\"text-align: center;\"><span><img loading=\"lazy\" class=\" size-full wp-image-134\" src=\"https:\/\/rapidbronz.com\/wp-content\/uploads\/2013\/02\/images_IMPIEGO.jpg\" width=\"300\" height=\"242\" alt=\"IMPIEGO\" \/><\/span><\/p>\n<p><span style=\"line-height: 1.3em;\">Kremu treba nanositi ujutru i uve\u010de najmanje jedan dan pre direktnog izlaganja suncu.<\/span><\/p>\n<p>Svakodnevnom upotrebom Rapid Bronz ko\u017ea ostaje preplanula tokom cele godine, \u010dak i u vreme kada je sun\u010deve svetlosti manje. Za vreme sun\u010danja kremu je nu\u017eno koristiti u kombinaciji sa za\u0161titnim faktorima koji odgovaraju Va\u0161em tipu ko\u017ee.<\/p>\n","protected":false},"excerpt":{"rendered":"<p>Kremu treba nanositi ujutru i uve\u010de najmanje jedan dan pre direktnog izlaganja suncu. Svakodnevnom upotrebom Rapid Bronz ko\u017ea ostaje preplanula tokom cele godine, \u010dak i u<span class=\"excerpt-hellip\"> [\u2026]<\/span><\/p>\n","protected":false},"author":2,"featured_media":0,"parent":43,"menu_order":12,"comment_status":"closed","ping_status":"closed","template":"","meta":[],"_links":{"self":[{"href":"https:\/\/rapidbronz.com\/sr\/wp-json\/wp\/v2\/pages\/140\/"}],"collection":[{"href":"https:\/\/rapidbronz.com\/sr\/wp-json\/wp\/v2\/pages\/"}],"about":[{"href":"https:\/\/rapidbronz.com\/sr\/wp-json\/wp\/v2\/types\/page\/"}],"author":[{"embeddable":true,"href":"https:\/\/rapidbronz.com\/sr\/wp-json\/wp\/v2\/users\/2\/"}],"replies":[{"embeddable":true,"href":"https:\/\/rapidbronz.com\/sr\/wp-json\/wp\/v2\/comments\/?post=140"}],"version-history":[{"count":0,"href":"https:\/\/rapidbronz.com\/sr\/wp-json\/wp\/v2\/pages\/140\/revisions\/"}],"up":[{"embeddable":true,"href":"https:\/\/rapidbronz.com\/sr\/wp-json\/wp\/v2\/pages\/43\/"}],"wp:attachment":[{"href":"https:\/\/rapidbronz.com\/sr\/wp-json\/wp\/v2\/media\/?parent=140"}],"curies":[{"name":"wp","href":"https:\/\/api.w.org\/{rel}","templated":true}]}}