{"id":149,"date":"2013-02-02T11:49:08","date_gmt":"2013-02-02T11:49:08","guid":{"rendered":"https:\/\/rapidbronz.com\/?page_id=149"},"modified":"2013-02-02T11:49:08","modified_gmt":"2013-02-02T11:49:08","slug":"preporuceno","status":"publish","type":"page","link":"https:\/\/rapidbronz.com\/sr\/program-suncanja-rapid-bronz\/preporuceno\/","title":{"rendered":"PREPORU\u010cENO"},"content":{"rendered":"<p style=\"text-align: center;\"><span><img loading=\"lazy\" class=\" size-full wp-image-143\" src=\"https:\/\/rapidbronz.com\/wp-content\/uploads\/2013\/02\/images_RapidBronz.jpg\" width=\"280\" height=\"205\" alt=\"RapidBronz\" \/><\/span><\/p>\n<p><span style=\"line-height: 1.3em;\">Krema odgovara svim tipovima ko\u017ee. Naro\u010dito je preporu\u010dujemo osobama osetljive i svetle puti, kao i onima koji \u017eele zadr\u017eati optimalnu preplanulost du\u017ee vreme.&nbsp;<\/span><\/p>\n<p>Upotreba Rapid Bronz posebno se savetuje osobama koje koriste kreme sa visokom za\u0161titnim faktorima, jer \u0107e na taj na\u010din uravnote\u017eiti prirodne mehanizme za\u0161tite ko\u017ee od sunca. <br \/>Korisna je za\u0161tita i onima koji su zbog prirode posla ili uslova \u017eivota izlo\u017eeni sun\u010devim zracima tokom cele godine.<\/p>\n","protected":false},"excerpt":{"rendered":"<p>Krema odgovara svim tipovima ko\u017ee. Naro\u010dito je preporu\u010dujemo osobama osetljive i svetle puti, kao i onima koji \u017eele zadr\u017eati optimalnu preplanulost du\u017ee vreme.&nbsp; Upotreba Rapid Bronz<span class=\"excerpt-hellip\"> [\u2026]<\/span><\/p>\n","protected":false},"author":2,"featured_media":0,"parent":43,"menu_order":15,"comment_status":"closed","ping_status":"closed","template":"","meta":[],"_links":{"self":[{"href":"https:\/\/rapidbronz.com\/sr\/wp-json\/wp\/v2\/pages\/149\/"}],"collection":[{"href":"https:\/\/rapidbronz.com\/sr\/wp-json\/wp\/v2\/pages\/"}],"about":[{"href":"https:\/\/rapidbronz.com\/sr\/wp-json\/wp\/v2\/types\/page\/"}],"author":[{"embeddable":true,"href":"https:\/\/rapidbronz.com\/sr\/wp-json\/wp\/v2\/users\/2\/"}],"replies":[{"embeddable":true,"href":"https:\/\/rapidbronz.com\/sr\/wp-json\/wp\/v2\/comments\/?post=149"}],"version-history":[{"count":0,"href":"https:\/\/rapidbronz.com\/sr\/wp-json\/wp\/v2\/pages\/149\/revisions\/"}],"up":[{"embeddable":true,"href":"https:\/\/rapidbronz.com\/sr\/wp-json\/wp\/v2\/pages\/43\/"}],"wp:attachment":[{"href":"https:\/\/rapidbronz.com\/sr\/wp-json\/wp\/v2\/media\/?parent=149"}],"curies":[{"name":"wp","href":"https:\/\/api.w.org\/{rel}","templated":true}]}}