{"id":17,"date":"2013-02-02T11:49:08","date_gmt":"2013-02-02T11:49:08","guid":{"rendered":"https:\/\/rapidbronz.com\/?page_id=17"},"modified":"2013-02-02T11:49:08","modified_gmt":"2013-02-02T11:49:08","slug":"uvod","status":"publish","type":"page","link":"https:\/\/rapidbronz.com\/sr\/uvod\/","title":{"rendered":"UVOD"},"content":{"rendered":"<p style=\"text-align: center;\"><span><img loading=\"lazy\" class=\" size-full wp-image-11\" src=\"https:\/\/rapidbronz.com\/wp-content\/uploads\/2013\/02\/images_Introduzione_400.png\" width=\"350\" height=\"341\" alt=\"Introduzione 400\" srcset=\"https:\/\/rapidbronz.com\/wp-content\/uploads\/2013\/02\/images_Introduzione_400.png 350w, https:\/\/rapidbronz.com\/wp-content\/uploads\/2013\/02\/images_Introduzione_400-300x292.png 300w\" sizes=\"(max-width: 350px) 100vw, 350px\" \/><\/span><\/p>\n<p>Iako je leto jo\u0161 daleko, sa prvim prole\u0107nim danima ve\u0107 po\u010dinjemo da sanjarimo o pla\u017eama, moru i godi\u0161njem odmoru. Sun\u010danje godi telu jer sun\u010devi zraci omogu\u0107uju vezivanje kalcijuma u kostima i sna\u017ean su prirodni antibiotik. Svakako, suncu se treba izlagati razumno i ispravno, tj. prirodno je da se upitamo koja je najbolja za\u0161tita za na\u0161u ko\u017eu. Moramo znati, me\u0111utim, da u na\u0161oj ko\u017ei postoji pigment melanin koji je prirodno re\u0161enje \u2013na\u0161a prirodna za\u0161tita protiv \u0161tetnih sun\u010devih zraka.<\/p>\n","protected":false},"excerpt":{"rendered":"<p>Iako je leto jo\u0161 daleko, sa prvim prole\u0107nim danima ve\u0107 po\u010dinjemo da sanjarimo o pla\u017eama, moru i godi\u0161njem odmoru. Sun\u010danje godi telu jer sun\u010devi zraci omogu\u0107uju<span class=\"excerpt-hellip\"> [\u2026]<\/span><\/p>\n","protected":false},"author":2,"featured_media":0,"parent":0,"menu_order":16,"comment_status":"closed","ping_status":"closed","template":"","meta":[],"_links":{"self":[{"href":"https:\/\/rapidbronz.com\/sr\/wp-json\/wp\/v2\/pages\/17\/"}],"collection":[{"href":"https:\/\/rapidbronz.com\/sr\/wp-json\/wp\/v2\/pages\/"}],"about":[{"href":"https:\/\/rapidbronz.com\/sr\/wp-json\/wp\/v2\/types\/page\/"}],"author":[{"embeddable":true,"href":"https:\/\/rapidbronz.com\/sr\/wp-json\/wp\/v2\/users\/2\/"}],"replies":[{"embeddable":true,"href":"https:\/\/rapidbronz.com\/sr\/wp-json\/wp\/v2\/comments\/?post=17"}],"version-history":[{"count":0,"href":"https:\/\/rapidbronz.com\/sr\/wp-json\/wp\/v2\/pages\/17\/revisions\/"}],"wp:attachment":[{"href":"https:\/\/rapidbronz.com\/sr\/wp-json\/wp\/v2\/media\/?parent=17"}],"curies":[{"name":"wp","href":"https:\/\/api.w.org\/{rel}","templated":true}]}}