{"id":26,"date":"2013-02-02T11:49:22","date_gmt":"2013-02-02T11:49:22","guid":{"rendered":"https:\/\/rapidbronz.com\/?page_id=26"},"modified":"2013-02-02T11:49:22","modified_gmt":"2013-02-02T11:49:22","slug":"nova-filozofija","status":"publish","type":"page","link":"https:\/\/rapidbronz.com\/sr\/nova-filozofija\/","title":{"rendered":"NOVA FILOZOFIJA"},"content":{"rendered":"<p style=\"text-align: center;\"><img loading=\"lazy\" class=\" size-full wp-image-20\" src=\"https:\/\/rapidbronz.com\/wp-content\/uploads\/2013\/02\/images_Filosofia_400.png\" width=\"320\" height=\"359\" alt=\"Filosofia 400\" srcset=\"https:\/\/rapidbronz.com\/wp-content\/uploads\/2013\/02\/images_Filosofia_400.png 320w, https:\/\/rapidbronz.com\/wp-content\/uploads\/2013\/02\/images_Filosofia_400-267x300.png 267w\" sizes=\"(max-width: 320px) 100vw, 320px\" \/><\/p>\n<h1 style=\"text-align: center;\">NOVA FILOZOFIJA<\/h1>\n<p>Poslednjih godina sve je popularnija nova filozofija za\u0161tite ko\u017ee od UV zraka koja se temelji na mehanizmu prirodne za\u0161tite ko\u017ee, kao pomo\u0107i za\u0161titnim faktorima krema za sun\u010danje. Prilikom izlaganja suncu proizvodi se melanin i na\u0161e telo dobija privla\u010dnu bronzanu boju. Brzina ovog procesa zavisi od brzine sinteze melanina i njegove migracije u keratinocite i odvija se za otprilike sedam dana. Za vreme ovog procesa ko\u017ea nije za\u0161ti\u0107ena, a izlo\u017eena je \u0161tetnim ultraljubi\u010dastim zracima sunca koji mogu uzrokovati crvenilo i opasne sun\u010dane iritacije.<\/p>\n<p>&nbsp;<\/p>\n<p>&nbsp;<\/p>\n","protected":false},"excerpt":{"rendered":"<p>NOVA FILOZOFIJA Poslednjih godina sve je popularnija nova filozofija za\u0161tite ko\u017ee od UV zraka koja se temelji na mehanizmu prirodne za\u0161tite ko\u017ee, kao pomo\u0107i za\u0161titnim faktorima<span class=\"excerpt-hellip\"> [\u2026]<\/span><\/p>\n","protected":false},"author":2,"featured_media":0,"parent":0,"menu_order":10,"comment_status":"closed","ping_status":"closed","template":"","meta":[],"_links":{"self":[{"href":"https:\/\/rapidbronz.com\/sr\/wp-json\/wp\/v2\/pages\/26\/"}],"collection":[{"href":"https:\/\/rapidbronz.com\/sr\/wp-json\/wp\/v2\/pages\/"}],"about":[{"href":"https:\/\/rapidbronz.com\/sr\/wp-json\/wp\/v2\/types\/page\/"}],"author":[{"embeddable":true,"href":"https:\/\/rapidbronz.com\/sr\/wp-json\/wp\/v2\/users\/2\/"}],"replies":[{"embeddable":true,"href":"https:\/\/rapidbronz.com\/sr\/wp-json\/wp\/v2\/comments\/?post=26"}],"version-history":[{"count":0,"href":"https:\/\/rapidbronz.com\/sr\/wp-json\/wp\/v2\/pages\/26\/revisions\/"}],"wp:attachment":[{"href":"https:\/\/rapidbronz.com\/sr\/wp-json\/wp\/v2\/media\/?parent=26"}],"curies":[{"name":"wp","href":"https:\/\/api.w.org\/{rel}","templated":true}]}}