{"id":61,"date":"2013-02-10T12:25:44","date_gmt":"2013-02-10T12:25:44","guid":{"rendered":"https:\/\/rapidbronz.com\/?page_id=61"},"modified":"2013-02-10T12:25:44","modified_gmt":"2013-02-10T12:25:44","slug":"nasa-prirodna-zastita","status":"publish","type":"page","link":"https:\/\/rapidbronz.com\/sr\/uvod\/nasa-prirodna-zastita\/","title":{"rendered":"NA\u0160A PRIRODNA ZA\u0160TITA"},"content":{"rendered":"<p>&nbsp;<\/p>\n<p>&nbsp;<\/p>\n<p>&nbsp;<\/p>\n<table border=\"0\" cellspacing=\"0\" cellpadding=\"10\">\n<tbody>\n<tr>\n<td style=\"text-align: center;\" valign=\"top\">\n<h1>NA\u0160A PRIRODNA ZA\u0160TITA<\/h1>\n<p style=\"text-align: justify;\"><img loading=\"lazy\" class=\" alignleft size-full wp-image-55\" src=\"https:\/\/rapidbronz.com\/wp-content\/uploads\/2013\/02\/images_Difesa_naturale.png\" width=\"120\" height=\"115\" alt=\"Difesa naturale\" style=\"color: #000000; font-family: Verdana, Arial, Helvetica, sans-serif; font-size: 11px; line-height: normal; text-align: -webkit-center; margin-top: 6px; margin-right: 12px; float: left;\" \/>Kada je izlo\u017eeno sun\u010devim zracima ljudsko telo ima fantasti\u010dnu sposobnost proizvodnje melanina. Melanin proizvode melanociti koji se nalaze u bazalnom sloju epiderma i on se skladi\u0161ti u melanosomima. Melanosomi vremenom prelaze u epitelne \u0107elije epiderma gde stvaraju za\u0161titni omota\u010d koji apsorbuje i odbija vi\u0161e od 70% ultraljubi\u010dastih zraka.<\/p>\n<\/td>\n<\/tr>\n<\/tbody>\n<\/table>\n","protected":false},"excerpt":{"rendered":"<p>&nbsp; &nbsp; &nbsp; NA\u0160A PRIRODNA ZA\u0160TITA Kada je izlo\u017eeno sun\u010devim zracima ljudsko telo ima fantasti\u010dnu sposobnost proizvodnje melanina. Melanin proizvode melanociti koji se nalaze u bazalnom<span class=\"excerpt-hellip\"> [\u2026]<\/span><\/p>\n","protected":false},"author":2,"featured_media":0,"parent":17,"menu_order":6,"comment_status":"closed","ping_status":"closed","template":"","meta":[],"_links":{"self":[{"href":"https:\/\/rapidbronz.com\/sr\/wp-json\/wp\/v2\/pages\/61\/"}],"collection":[{"href":"https:\/\/rapidbronz.com\/sr\/wp-json\/wp\/v2\/pages\/"}],"about":[{"href":"https:\/\/rapidbronz.com\/sr\/wp-json\/wp\/v2\/types\/page\/"}],"author":[{"embeddable":true,"href":"https:\/\/rapidbronz.com\/sr\/wp-json\/wp\/v2\/users\/2\/"}],"replies":[{"embeddable":true,"href":"https:\/\/rapidbronz.com\/sr\/wp-json\/wp\/v2\/comments\/?post=61"}],"version-history":[{"count":0,"href":"https:\/\/rapidbronz.com\/sr\/wp-json\/wp\/v2\/pages\/61\/revisions\/"}],"up":[{"embeddable":true,"href":"https:\/\/rapidbronz.com\/sr\/wp-json\/wp\/v2\/pages\/17\/"}],"wp:attachment":[{"href":"https:\/\/rapidbronz.com\/sr\/wp-json\/wp\/v2\/media\/?parent=61"}],"curies":[{"name":"wp","href":"https:\/\/api.w.org\/{rel}","templated":true}]}}