{"id":79,"date":"2013-02-10T12:25:44","date_gmt":"2013-02-10T12:25:44","guid":{"rendered":"https:\/\/rapidbronz.com\/?page_id=79"},"modified":"2013-02-10T12:25:44","modified_gmt":"2013-02-10T12:25:44","slug":"melanogeneza","status":"publish","type":"page","link":"https:\/\/rapidbronz.com\/sr\/uvod\/melanogeneza\/","title":{"rendered":"MELANOGENEZA"},"content":{"rendered":"<p>&nbsp;<\/p>\n<p>&nbsp;<\/p>\n<p>&nbsp;<\/p>\n<table border=\"0\" cellspacing=\"0\" cellpadding=\"10\">\n<tbody>\n<tr>\n<td style=\"text-align: center;\" valign=\"top\">\n<h1>MELANOGENEZA<\/h1>\n<p style=\"text-align: justify;\"><img loading=\"lazy\" class=\" alignleft size-full wp-image-73\" src=\"https:\/\/rapidbronz.com\/wp-content\/uploads\/2013\/02\/images_MELANOGENESI.png\" width=\"250\" height=\"185\" alt=\"MELANOGENESI\" style=\"color: #000000; font-family: Verdana, Arial, Helvetica, sans-serif; font-size: 11px; line-height: normal; text-align: -webkit-center; margin: 6px 6px 0px 0px; float: left;\" \/>Fotoza\u0161tita ko\u017ee zavisi od pravilnog fotohemijskog procesa koji pretvara energiju UV zraka. Prirodni melanin proizvodi se tokom biohemijskog procesa koji se naziva melanogeneza. Taj se proces odvija u melanocitima, kroz sintezu enzima tirosinaz koji pretvara aminokiselinu tirozin u melanin. Melanin se sinteti\u0161e u melanosome koji migriraju preko produ\u017eetaka melanocita i sele se iz bazalnog sloja u keratinocite povr\u0161inskih slojeva ko\u017ee, u kojima se melanin raspore\u0111uje oko \u0107elijskih jezgara i slu\u017ei kao za\u0161tita od UV zraka.<\/p>\n<\/td>\n<\/tr>\n<\/tbody>\n<\/table>\n","protected":false},"excerpt":{"rendered":"<p>&nbsp; &nbsp; &nbsp; MELANOGENEZA Fotoza\u0161tita ko\u017ee zavisi od pravilnog fotohemijskog procesa koji pretvara energiju UV zraka. Prirodni melanin proizvodi se tokom biohemijskog procesa koji se naziva<span class=\"excerpt-hellip\"> [\u2026]<\/span><\/p>\n","protected":false},"author":2,"featured_media":0,"parent":17,"menu_order":2,"comment_status":"closed","ping_status":"closed","template":"","meta":[],"_links":{"self":[{"href":"https:\/\/rapidbronz.com\/sr\/wp-json\/wp\/v2\/pages\/79\/"}],"collection":[{"href":"https:\/\/rapidbronz.com\/sr\/wp-json\/wp\/v2\/pages\/"}],"about":[{"href":"https:\/\/rapidbronz.com\/sr\/wp-json\/wp\/v2\/types\/page\/"}],"author":[{"embeddable":true,"href":"https:\/\/rapidbronz.com\/sr\/wp-json\/wp\/v2\/users\/2\/"}],"replies":[{"embeddable":true,"href":"https:\/\/rapidbronz.com\/sr\/wp-json\/wp\/v2\/comments\/?post=79"}],"version-history":[{"count":0,"href":"https:\/\/rapidbronz.com\/sr\/wp-json\/wp\/v2\/pages\/79\/revisions\/"}],"up":[{"embeddable":true,"href":"https:\/\/rapidbronz.com\/sr\/wp-json\/wp\/v2\/pages\/17\/"}],"wp:attachment":[{"href":"https:\/\/rapidbronz.com\/sr\/wp-json\/wp\/v2\/media\/?parent=79"}],"curies":[{"name":"wp","href":"https:\/\/api.w.org\/{rel}","templated":true}]}}