{"id":88,"date":"2013-02-10T12:25:44","date_gmt":"2013-02-10T12:25:44","guid":{"rendered":"https:\/\/rapidbronz.com\/?page_id=88"},"modified":"2013-02-10T12:25:44","modified_gmt":"2013-02-10T12:25:44","slug":"zastitno-delovanje-melanina","status":"publish","type":"page","link":"https:\/\/rapidbronz.com\/sr\/uvod\/zastitno-delovanje-melanina\/","title":{"rendered":"ZA\u0160TITNO DELOVANJE MELANINA"},"content":{"rendered":"<p>&nbsp;<\/p>\n<p>&nbsp;<\/p>\n<p>&nbsp;<\/p>\n<table border=\"0\" cellspacing=\"0\" cellpadding=\"10\">\n<tbody>\n<tr>\n<td style=\"text-align: center;\" valign=\"top\">\n<h1>ZA\u0160TITNO DELOVANJE MELANINA<\/h1>\n<p style=\"text-align: justify;\"><img loading=\"lazy\" class=\" alignleft size-full wp-image-82\" src=\"https:\/\/rapidbronz.com\/wp-content\/uploads\/2013\/02\/images_Melanina.png\" width=\"200\" height=\"260\" alt=\"Melanina\" style=\"color: #000000; font-family: Verdana, Arial, Helvetica, sans-serif; font-size: 11px; line-height: normal; text-align: -webkit-center; margin-top: 6px; margin-right: 6px; float: left;\" \/><\/p>\n<p style=\"text-align: justify;\">Melanin deluje za\u0161titno kroz slede\u0107e fiziolo\u0161ke mehanizme:<\/p>\n<p style=\"text-align: justify;\">1. <strong>Difuzija svetlosti<\/strong>: granule melanina nalaze se u ro\u017enatom sloju i u vitalnim slojevima epiderma i mogu smanjiti dejstvo sun\u010devih zraka.<\/p>\n<p style=\"text-align: justify;\">2. <strong>Apsorpcija energije sun\u010devih zraka<\/strong>: melanin apsorbuje zna\u010dajnu koli\u010dinu energije tih zraka pretvaraju\u0107i je u toplotu. \u0160titi \u017eive \u0107elije ko\u017ee od pove\u0107anog zra\u010denja.<\/p>\n<p style=\"text-align: justify;\">3. <strong>Aktiviranje oksidacije<\/strong>: granule melanina, koje se nalazi u \u0107elijama epiderma apsorbuju \u0161tetne sun\u010deve zrake pre nego \u0161to do\u0111u do osetljivih \u0107elijskihih jezgara. Melanin, tako\u0111e, uspe\u0161no spre\u010dava nastajanje slobodnih radikala, te tako spre\u010dava starenje ko\u017ee.<\/p>\n<\/td>\n<\/tr>\n<\/tbody>\n<\/table>\n","protected":false},"excerpt":{"rendered":"<p>&nbsp; &nbsp; &nbsp; ZA\u0160TITNO DELOVANJE MELANINA Melanin deluje za\u0161titno kroz slede\u0107e fiziolo\u0161ke mehanizme: 1. Difuzija svetlosti: granule melanina nalaze se u ro\u017enatom sloju i u vitalnim<span class=\"excerpt-hellip\"> [\u2026]<\/span><\/p>\n","protected":false},"author":2,"featured_media":0,"parent":17,"menu_order":4,"comment_status":"closed","ping_status":"closed","template":"","meta":[],"_links":{"self":[{"href":"https:\/\/rapidbronz.com\/sr\/wp-json\/wp\/v2\/pages\/88\/"}],"collection":[{"href":"https:\/\/rapidbronz.com\/sr\/wp-json\/wp\/v2\/pages\/"}],"about":[{"href":"https:\/\/rapidbronz.com\/sr\/wp-json\/wp\/v2\/types\/page\/"}],"author":[{"embeddable":true,"href":"https:\/\/rapidbronz.com\/sr\/wp-json\/wp\/v2\/users\/2\/"}],"replies":[{"embeddable":true,"href":"https:\/\/rapidbronz.com\/sr\/wp-json\/wp\/v2\/comments\/?post=88"}],"version-history":[{"count":0,"href":"https:\/\/rapidbronz.com\/sr\/wp-json\/wp\/v2\/pages\/88\/revisions\/"}],"up":[{"embeddable":true,"href":"https:\/\/rapidbronz.com\/sr\/wp-json\/wp\/v2\/pages\/17\/"}],"wp:attachment":[{"href":"https:\/\/rapidbronz.com\/sr\/wp-json\/wp\/v2\/media\/?parent=88"}],"curies":[{"name":"wp","href":"https:\/\/api.w.org\/{rel}","templated":true}]}}