{"id":97,"date":"2013-02-10T12:25:44","date_gmt":"2013-02-10T12:25:44","guid":{"rendered":"https:\/\/rapidbronz.com\/?page_id=97"},"modified":"2013-02-10T12:25:44","modified_gmt":"2013-02-10T12:25:44","slug":"priprema-koze-za-sunce","status":"publish","type":"page","link":"https:\/\/rapidbronz.com\/sr\/nova-filozofija\/priprema-koze-za-sunce\/","title":{"rendered":"PRIPREMA KO\u017dE ZA SUNCE"},"content":{"rendered":"<p>&nbsp;<\/p>\n<p>&nbsp;<\/p>\n<p>&nbsp;<\/p>\n<table border=\"0\" cellspacing=\"0\" cellpadding=\"10\">\n<tbody>\n<tr>\n<td style=\"text-align: center;\" valign=\"top\">\n<h1>PRIPREMA KO\u017dE ZA SUNCE<\/h1>\n<p style=\"text-align: justify;\"><img loading=\"lazy\" class=\" alignleft size-full wp-image-91\" src=\"https:\/\/rapidbronz.com\/wp-content\/uploads\/2013\/02\/images_FASE_ABBRONZATURA.gif\" width=\"133\" height=\"121\" alt=\"FASE ABBRONZATURA\" style=\"color: #000000; font-family: Verdana, Arial, Helvetica, sans-serif; font-size: 11px; line-height: normal; text-align: -webkit-center; margin-top: 6px; margin-right: 12px; float: left;\" \/>Za\u0161tita ko\u017ee, koja se temelji na prirodnom mehanizmu za\u0161tite ko\u017ee, korisna je potpora kremama sa za\u0161titnim faktorom. Taj proces se mo\u017ee aktivirati stimulisanjem prirodnog metabolizma ko\u017ee koji posti\u017eemo dnevnim nanosom funkcionalnih aktivnih sastojaka na ko\u017eu koji ubrzavaju mehanizam melanogeneze. Proizvodnja melanina mo\u017ee se tako ubrzano stimulisati da ve\u0107 od prvih izlaganja suncu prirodno \u0161titi ko\u017eu od \u0161tetnih ultraljubi\u010dastih zraka.<\/p>\n<\/td>\n<\/tr>\n<\/tbody>\n<\/table>\n","protected":false},"excerpt":{"rendered":"<p>&nbsp; &nbsp; &nbsp; PRIPREMA KO\u017dE ZA SUNCE Za\u0161tita ko\u017ee, koja se temelji na prirodnom mehanizmu za\u0161tite ko\u017ee, korisna je potpora kremama sa za\u0161titnim faktorom. Taj proces<span class=\"excerpt-hellip\"> [\u2026]<\/span><\/p>\n","protected":false},"author":2,"featured_media":0,"parent":26,"menu_order":3,"comment_status":"closed","ping_status":"closed","template":"","meta":[],"_links":{"self":[{"href":"https:\/\/rapidbronz.com\/sr\/wp-json\/wp\/v2\/pages\/97\/"}],"collection":[{"href":"https:\/\/rapidbronz.com\/sr\/wp-json\/wp\/v2\/pages\/"}],"about":[{"href":"https:\/\/rapidbronz.com\/sr\/wp-json\/wp\/v2\/types\/page\/"}],"author":[{"embeddable":true,"href":"https:\/\/rapidbronz.com\/sr\/wp-json\/wp\/v2\/users\/2\/"}],"replies":[{"embeddable":true,"href":"https:\/\/rapidbronz.com\/sr\/wp-json\/wp\/v2\/comments\/?post=97"}],"version-history":[{"count":0,"href":"https:\/\/rapidbronz.com\/sr\/wp-json\/wp\/v2\/pages\/97\/revisions\/"}],"up":[{"embeddable":true,"href":"https:\/\/rapidbronz.com\/sr\/wp-json\/wp\/v2\/pages\/26\/"}],"wp:attachment":[{"href":"https:\/\/rapidbronz.com\/sr\/wp-json\/wp\/v2\/media\/?parent=97"}],"curies":[{"name":"wp","href":"https:\/\/api.w.org\/{rel}","templated":true}]}}